{"id":8,"date":"2021-03-29T07:50:36","date_gmt":"2021-03-29T07:50:36","guid":{"rendered":"https:\/\/clinicas.pymeup.com\/?page_id=8"},"modified":"2021-04-20T10:01:58","modified_gmt":"2021-04-20T10:01:58","slug":"8-2","status":"publish","type":"page","link":"https:\/\/clinicas.pymeup.com\/index.php\/8-2\/","title":{"rendered":""},"content":{"rendered":"<p>[et_pb_section fb_built=&#8221;1&#8243; _builder_version=&#8221;4.9.2&#8243; background_color=&#8221;#12876F&#8221;][et_pb_row _builder_version=&#8221;4.2.2&#8243;][et_pb_column type=&#8221;4_4&#8243; _builder_version=&#8221;4.2.2&#8243;][et_pb_text _builder_version=&#8221;4.9.2&#8243; text_font=&#8221;Amatic SC|700|||||||&#8221; text_text_color=&#8221;#ffffff&#8221; text_font_size=&#8221;38px&#8221; text_orientation=&#8221;center&#8221;]<\/p>\n<p>\u00a1Gracias por tu solicitud!<\/p>\n<p>[\/et_pb_text][et_pb_text _builder_version=&#8221;4.9.2&#8243; text_font=&#8221;Bellota Text|700|||||||&#8221; text_text_color=&#8221;#ffffff&#8221; text_font_size=&#8221;36px&#8221; text_orientation=&#8221;center&#8221; custom_margin=&#8221;||-27px||false|false&#8221; custom_padding=&#8221;||0px||false|false&#8221; hover_enabled=&#8221;0&#8243; text_font_size_tablet=&#8221;&#8221; text_font_size_phone=&#8221;24px&#8221; text_font_size_last_edited=&#8221;on|phone&#8221; sticky_enabled=&#8221;0&#8243;]<\/p>\n<p>Reserva ya el d\u00eda y a hora para vernos<\/p>\n<p>[\/et_pb_text][\/et_pb_column][\/et_pb_row][\/et_pb_section][et_pb_section fb_built=&#8221;1&#8243; _builder_version=&#8221;4.2.2&#8243; custom_padding=&#8221;34px|||||&#8221;][et_pb_row _builder_version=&#8221;4.9.2&#8243; width_tablet=&#8221;&#8221; width_phone=&#8221;95%&#8221; width_last_edited=&#8221;on|phone&#8221; max_width_tablet=&#8221;&#8221; max_width_phone=&#8221;100%&#8221; max_width_last_edited=&#8221;on|phone&#8221;][et_pb_column type=&#8221;4_4&#8243; _builder_version=&#8221;4.2.2&#8243;][et_pb_text _builder_version=&#8221;4.9.2&#8243; text_font=&#8221;Bellota Text||||||||&#8221; text_text_color=&#8221;#12876F&#8221; text_font_size=&#8221;24px&#8221; text_orientation=&#8221;center&#8221; width=&#8221;75%&#8221; module_alignment=&#8221;center&#8221; custom_margin=&#8221;||||false|false&#8221; custom_padding=&#8221;|||0px||&#8221; hover_enabled=&#8221;0&#8243; text_font_last_edited=&#8221;off|desktop&#8221; sticky_enabled=&#8221;0&#8243;]<\/p>\n<p>Escr\u00edbenos por Whatsapp 625 000 000 (<a href=\"https:\/\/api.whatsapp.com\/send?phone=+34622111555\">click aqu\u00ed<\/a>) para confirmar tu cita y adem\u00e1s tendr\u00e1s un 50% de descuento en tu primera sesi\u00f3n.\u00a0<\/p>\n<p>[\/et_pb_text][et_pb_text _builder_version=&#8221;4.9.2&#8243; text_font=&#8221;||on||||||&#8221; text_font_size=&#8221;19px&#8221; text_orientation=&#8221;center&#8221;]<\/p>\n<p>O puedes hablar con nosotros en el 966 777 333<\/p>\n<p>[\/et_pb_text][et_pb_text _builder_version=&#8221;4.9.2&#8243; text_font=&#8221;Bellota Text|700|||||||&#8221; text_text_color=&#8221;#12876F&#8221; text_font_size=&#8221;23px&#8221; text_orientation=&#8221;center&#8221;]<\/p>\n<p>Nos vemos muy pronto en la siguiente direcci\u00f3n<\/p>\n<p>[\/et_pb_text][et_pb_code _builder_version=&#8221;4.2.2&#8243; text_orientation=&#8221;center&#8221;]<iframe loading=\"lazy\" src=\"https:\/\/www.google.com\/maps\/embed?pb=!1m18!1m12!1m3!1d3130.7390038687067!2d-0.5319634849798569!3d38.30871437966576!2m3!1f0!2f0!3f0!3m2!1i1024!2i768!4f13.1!3m3!1m2!1s0xd6236b8df9444c7%3A0xc0a1a6134fafdba7!2sPyme%20Up!5e0!3m2!1sen!2ses!4v1591113901893!5m2!1sen!2ses\" width=\"600\" height=\"450\" frameborder=\"0\" style=\"border:0;\" allowfullscreen=\"\" aria-hidden=\"false\" tabindex=\"0\"><\/iframe>[\/et_pb_code][\/et_pb_column][\/et_pb_row][\/et_pb_section][et_pb_section fb_built=&#8221;1&#8243; _builder_version=&#8221;4.2.2&#8243;][et_pb_row column_structure=&#8221;1_2,1_2&#8243; _builder_version=&#8221;4.2.2&#8243;][et_pb_column type=&#8221;1_2&#8243; _builder_version=&#8221;4.2.2&#8243;][et_pb_text _builder_version=&#8221;4.2.2&#8243;]<\/p>\n<p>Copyright \u00a9 2020<\/p>\n<p>[\/et_pb_text][\/et_pb_column][et_pb_column type=&#8221;1_2&#8243; _builder_version=&#8221;4.2.2&#8243;][et_pb_image src=&#8221;https:\/\/clinicas.pymeup.com\/wp-content\/uploads\/2021\/03\/logo-pymeup.png&#8221; _builder_version=&#8221;4.2.2&#8243; width=&#8221;38%&#8221; module_alignment=&#8221;right&#8221;][\/et_pb_image][\/et_pb_column][\/et_pb_row][\/et_pb_section]<\/p>\n","protected":false},"excerpt":{"rendered":"<p>[et_pb_section fb_built=&#8221;1&#8243; _builder_version=&#8221;4.9.2&#8243; background_color=&#8221;#12876F&#8221;][et_pb_row _builder_version=&#8221;4.2.2&#8243;][et_pb_column type=&#8221;4_4&#8243; _builder_version=&#8221;4.2.2&#8243;][et_pb_text _builder_version=&#8221;4.9.2&#8243; text_font=&#8221;Amatic SC|700|||||||&#8221; text_text_color=&#8221;#ffffff&#8221; text_font_size=&#8221;38px&#8221; text_orientation=&#8221;center&#8221;] \u00a1Gracias por tu solicitud! [\/et_pb_text][et_pb_text _builder_version=&#8221;4.9.2&#8243; text_font=&#8221;Bellota Text|700|||||||&#8221; text_text_color=&#8221;#ffffff&#8221; text_font_size=&#8221;36px&#8221; text_orientation=&#8221;center&#8221; custom_margin=&#8221;||-27px||false|false&#8221; custom_padding=&#8221;||0px||false|false&#8221; hover_enabled=&#8221;0&#8243; text_font_size_tablet=&#8221;&#8221; text_font_size_phone=&#8221;24px&#8221; text_font_size_last_edited=&#8221;on|phone&#8221; sticky_enabled=&#8221;0&#8243;] Reserva ya el d\u00eda y a hora para vernos [\/et_pb_text][\/et_pb_column][\/et_pb_row][\/et_pb_section][et_pb_section fb_built=&#8221;1&#8243; _builder_version=&#8221;4.2.2&#8243; custom_padding=&#8221;34px|||||&#8221;][et_pb_row _builder_version=&#8221;4.9.2&#8243; width_tablet=&#8221;&#8221; width_phone=&#8221;95%&#8221; width_last_edited=&#8221;on|phone&#8221; max_width_tablet=&#8221;&#8221; max_width_phone=&#8221;100%&#8221; max_width_last_edited=&#8221;on|phone&#8221;][et_pb_column type=&#8221;4_4&#8243; _builder_version=&#8221;4.2.2&#8243;][et_pb_text _builder_version=&#8221;4.9.2&#8243; text_font=&#8221;Bellota [&hellip;]<\/p>\n","protected":false},"author":1,"featured_media":0,"parent":0,"menu_order":0,"comment_status":"closed","ping_status":"closed","template":"","meta":{"_et_pb_use_builder":"on","_et_pb_old_content":"","_et_gb_content_width":"","footnotes":""},"class_list":["post-8","page","type-page","status-publish","hentry"],"_links":{"self":[{"href":"https:\/\/clinicas.pymeup.com\/index.php\/wp-json\/wp\/v2\/pages\/8","targetHints":{"allow":["GET"]}}],"collection":[{"href":"https:\/\/clinicas.pymeup.com\/index.php\/wp-json\/wp\/v2\/pages"}],"about":[{"href":"https:\/\/clinicas.pymeup.com\/index.php\/wp-json\/wp\/v2\/types\/page"}],"author":[{"embeddable":true,"href":"https:\/\/clinicas.pymeup.com\/index.php\/wp-json\/wp\/v2\/users\/1"}],"replies":[{"embeddable":true,"href":"https:\/\/clinicas.pymeup.com\/index.php\/wp-json\/wp\/v2\/comments?post=8"}],"version-history":[{"count":5,"href":"https:\/\/clinicas.pymeup.com\/index.php\/wp-json\/wp\/v2\/pages\/8\/revisions"}],"predecessor-version":[{"id":53,"href":"https:\/\/clinicas.pymeup.com\/index.php\/wp-json\/wp\/v2\/pages\/8\/revisions\/53"}],"wp:attachment":[{"href":"https:\/\/clinicas.pymeup.com\/index.php\/wp-json\/wp\/v2\/media?parent=8"}],"curies":[{"name":"wp","href":"https:\/\/api.w.org\/{rel}","templated":true}]}}